{"id":18405,"date":"2021-08-24T14:27:58","date_gmt":"2021-08-24T11:27:58","guid":{"rendered":"https:\/\/heatingshop.gr\/product\/purmo-pexpenta-pe-xc-underfloor-heating-pipes\/"},"modified":"2021-11-17T12:26:12","modified_gmt":"2021-11-17T10:26:12","slug":"purmo-pexpenta-pe-xc-underfloor-heating-pipes","status":"publish","type":"product","link":"https:\/\/heatingshop.gr\/en\/product\/purmo-pexpenta-pe-xc-underfloor-heating-pipes\/","title":{"rendered":"PURMO PexPenta PE-Xc Underfloor Heating Pipes"},"content":{"rendered":"<p>[vc_row][vc_column][vc_column_text]<\/p>\n<div class=\"UdTY9 qhIQqf\" aria-hidden=\"true\" data-location=\"1\">\n<div class=\"kO6q6e\">Sol\u00ednes Endodap\u00e9dias Th\u00e9rmansis PURMO PexPenta PE-Xc Sol\u00ednas &#8211; PE-Xc me fr\u00e1gma oxyg\u00f3nou Sol\u00ednas ypsil\u00eds pykn\u00f3titas polyaithylen\u00edou 5-str\u00f3seon, aktinodiktyom\u00e9nou me fysik\u00f3 vomvardism\u00f3 ilektron\u00edon, kat\u00e1 DIN 4726\/ DIN EN ISO 21003, DIN CERTCO 3V365 MVR(P), fr\u00e1gma oxyg\u00f3nou sti m\u00e9si kai prostatevm\u00e9no m\u00e9sa \u00e9xo me aktinodiktyom\u00e9no str\u00f3ma PE-Xc, me synech\u00ed parakolo\u00fathisi poi\u00f3titas ap\u00f3 anex\u00e1rtita instito\u00fata pistopo\u00edisis. M\u00e9gisti thermokras\u00eda leitourg\u00edas: 90\u00b0 C, aichm\u00e9s 110 \u00b0 C. M\u00e9gisti p\u00edesi leitourg\u00edas: 6 bar. Kl\u00e1si efarmog\u00eds: 4\/5.<\/div>\n<div class=\"zWhQbb\">\u0395\u03bc\u03c6\u03ac\u03bd\u03b9\u03c3\u03b7 \u03c0\u03b5\u03c1\u03b9\u03c3\u03c3\u03cc\u03c4\u03b5\u03c1\u03c9\u03bd<\/div>\n<\/div>\n<div><\/div>\n<div class=\"FFpbKc\">\n<div data-show-delay-ms=\"250\" data-append-to-body=\"false\" data-propagate-tooltip-mouseover-events=\"true\" data-anchor-corner=\"bottom-left\" data-enable-skip-handler=\"false\" data-popup-corner=\"top-left\">\n<div>\n<div class=\"VfPpkd-Bz112c-Jh9lGc\"><\/div>\n<div class=\"VfPpkd-Bz112c-RLmnJb\"><\/div>\n<\/div>\n<div class=\" B2mKhd  eQGGme xGUN1\"><\/div>\n<\/div>\n<div class=\"r375lc\">\n<div class=\"aJIq1d\" data-language-code=\"el\" data-language-name=\"\u0395\u03bb\u03bb\u03b7\u03bd\u03b9\u03ba\u03ac\" data-text=\"\" data-crosslingual-hint=\"null\" data-location=\"1\" data-enable-toggle-playback-speed=\"true\">\n<div id=\"ow57\" data-show-delay-ms=\"250\" data-append-to-body=\"true\" data-propagate-tooltip-mouseover-events=\"true\" data-anchor-corner=\"bottom-left\" data-enable-skip-handler=\"false\" data-popup-corner=\"top-left\">\n<div>\n<div class=\"VfPpkd-Bz112c-Jh9lGc\"><\/div>\n<p><button class=\"VfPpkd-Bz112c-LgbsSe VfPpkd-Bz112c-LgbsSe-OWXEXe-e5LLRc-SxQuSe fzRBVc tmJved SSgGrd m0Qfkd\" lang=\"\" data-idom-class=\"fzRBVc tmJved SSgGrd m0Qfkd\" aria-label=\"\u0391\u03ba\u03c1\u03cc\u03b1\u03c3\u03b7 \u03ba\u03b5\u03b9\u03bc\u03ad\u03bd\u03bf\u03c5 \u03c0\u03b7\u03b3\u03ae\u03c2\" data-aria-label-on=\"\u0394\u03b9\u03b1\u03ba\u03bf\u03c0\u03ae \u03b1\u03ba\u03c1\u03cc\u03b1\u03c3\u03b7\u03c2\" data-aria-label-off=\"\u0391\u03ba\u03c1\u03cc\u03b1\u03c3\u03b7 \u03ba\u03b5\u03b9\u03bc\u03ad\u03bd\u03bf\u03c5 \u03c0\u03b7\u03b3\u03ae\u03c2\"><\/button><button class=\"VfPpkd-Bz112c-LgbsSe VfPpkd-Bz112c-LgbsSe-OWXEXe-e5LLRc-SxQuSe fzRBVc tmJved SSgGrd m0Qfkd\" lang=\"\" data-idom-class=\"fzRBVc tmJved SSgGrd m0Qfkd\" aria-label=\"\u0391\u03ba\u03c1\u03cc\u03b1\u03c3\u03b7 \u03ba\u03b5\u03b9\u03bc\u03ad\u03bd\u03bf\u03c5 \u03c0\u03b7\u03b3\u03ae\u03c2\" data-aria-label-on=\"\u0394\u03b9\u03b1\u03ba\u03bf\u03c0\u03ae \u03b1\u03ba\u03c1\u03cc\u03b1\u03c3\u03b7\u03c2\" data-aria-label-off=\"\u0391\u03ba\u03c1\u03cc\u03b1\u03c3\u03b7 \u03ba\u03b5\u03b9\u03bc\u03ad\u03bd\u03bf\u03c5 \u03c0\u03b7\u03b3\u03ae\u03c2\"><span class=\"material-icons-extended VfPpkd-Bz112c-kBDsod\" aria-hidden=\"true\">volume_up<\/span><\/button><\/p>\n<div class=\"VfPpkd-Bz112c-RLmnJb\"><\/div>\n<\/div>\n<\/div>\n<\/div>\n<\/div>\n<div class=\"ZTPlmc\">526\u00a0\/ 5000<\/div>\n<div class=\"nidPne\">\n<div id=\"ow61\" data-show-delay-ms=\"250\" data-append-to-body=\"true\" data-propagate-tooltip-mouseover-events=\"true\" data-anchor-corner=\"bottom-left\" data-enable-skip-handler=\"false\" data-popup-corner=\"top-left\">\n<div>\n<div class=\"scLCMd\">\n<div id=\"itamenu\">\n<div class=\"goog-container goog-container-vertical\" tabindex=\"-1\"><\/div>\n<\/div>\n<\/div>\n<\/div>\n<\/div>\n<\/div>\n<\/div>\n<h2 id=\"c137\" class=\"oBOnKe\">\u0391\u03c0\u03bf\u03c4\u03b5\u03bb\u03ad\u03c3\u03bc\u03b1\u03c4\u03b1 \u03bc\u03b5\u03c4\u03ac\u03c6\u03c1\u03b1\u03c3\u03b7\u03c2<\/h2>\n<div class=\"dePhmb\">\n<div class=\"eyKpYb\" data-language=\"en\" data-original-language=\"el\" data-result-index=\"0\">\n<div class=\"J0lOec\"><span class=\"VIiyi\" lang=\"en\"><span class=\"JLqJ4b ChMk0b\" data-language-for-alternatives=\"en\" data-language-to-translate-into=\"el\" data-phrase-index=\"0\" data-number-of-phrases=\"10\">PURMO PexPenta PE-Xc Underfloor Heating Pipes<\/span> <span class=\"JLqJ4b ChMk0b\" data-language-for-alternatives=\"en\" data-language-to-translate-into=\"el\" data-phrase-index=\"2\" data-number-of-phrases=\"10\">Tube &#8211; PE-Xc with oxygen barrier<\/span> <span class=\"JLqJ4b ChMk0b\" data-language-for-alternatives=\"en\" data-language-to-translate-into=\"el\" data-phrase-index=\"4\" data-number-of-phrases=\"10\">High-density 5-layer polyethylene pipe, radiated with natural electron bombardment, according to DIN 4726 \/ DIN EN ISO 21003, DIN CERTCO 3V365 MVR (P), oxygen barrier in the middle and protected inside out with radiopaque-coated X-layer<\/span> <span class=\"JLqJ4b ChMk0b\" data-language-for-alternatives=\"en\" data-language-to-translate-into=\"el\" data-phrase-index=\"5\" data-number-of-phrases=\"10\">by independent certification institutes.<\/span> <span class=\"JLqJ4b ChMk0b\" data-language-for-alternatives=\"en\" data-language-to-translate-into=\"el\" data-phrase-index=\"7\" data-number-of-phrases=\"10\">Maximum operating temperature: 90 \u00b0 C, peaks 110 \u00b0 C. Maximum operating pressure: 6 bar.<\/span> <span class=\"JLqJ4b ChMk0b\" data-language-for-alternatives=\"en\" data-language-to-translate-into=\"el\" data-phrase-index=\"9\" data-number-of-phrases=\"10\">Application class: 4\/5.<\/span><\/span><\/div>\n<\/div>\n<\/div>\n<p>[\/vc_column_text][\/vc_column][\/vc_row]<\/p>\n","protected":false},"excerpt":{"rendered":"<p>Call for price<br \/>\nThe product is only available by phone order<\/p>\n<p>Pipes for Rolljet and Noppjet systems<\/p>\n","protected":false},"featured_media":18067,"template":"","meta":[],"product_brand":[],"product_cat":[1483,1514,1511],"product_tag":[2347,1570,2346],"class_list":{"0":"post-18405","1":"product","2":"type-product","3":"status-publish","4":"has-post-thumbnail","6":"product_cat-thermansi-en","7":"product_cat-piping","8":"product_cat-underfloor-heating","9":"product_tag-floor-heating","10":"product_tag-purmo-en","11":"product_tag-underfoot-purmo","13":"first","14":"instock","15":"sold-individually","16":"taxable","17":"shipping-taxable","18":"purchasable","19":"product-type-simple"},"yoast_head":"<!-- This site is optimized with the Yoast SEO Premium plugin v19.2.1 (Yoast SEO v27.4) - https:\/\/yoast.com\/product\/yoast-seo-premium-wordpress\/ -->\n<title>PURMO PexPenta PE-Xc Underfloor Heating Pipes - Heating Shop<\/title>\n<meta name=\"robots\" content=\"index, follow, max-snippet:-1, max-image-preview:large, max-video-preview:-1\" \/>\n<link rel=\"canonical\" href=\"https:\/\/heatingshop.gr\/en\/product\/purmo-pexpenta-pe-xc-underfloor-heating-pipes\/\" \/>\n<meta property=\"og:locale\" content=\"en_US\" \/>\n<meta property=\"og:type\" content=\"article\" \/>\n<meta property=\"og:title\" content=\"PURMO PexPenta PE-Xc Underfloor Heating Pipes\" \/>\n<meta property=\"og:description\" content=\"Call for price The product is only available by phone order  Pipes for Rolljet and Noppjet systems\" \/>\n<meta property=\"og:url\" content=\"https:\/\/heatingshop.gr\/en\/product\/purmo-pexpenta-pe-xc-underfloor-heating-pipes\/\" \/>\n<meta property=\"og:site_name\" content=\"Heating Shop\" \/>\n<meta property=\"article:publisher\" content=\"https:\/\/www.facebook.com\/heatingshopgr\" \/>\n<meta property=\"article:modified_time\" content=\"2021-11-17T10:26:12+00:00\" \/>\n<meta property=\"og:image\" content=\"https:\/\/heatingshop.gr\/wp-content\/uploads\/2021\/08\/\u03a3\u03c9\u03bb\u03ae\u03bd\u03b5\u03c2-_\u0395\u03bd\u03b4\u03bf\u03b4\u03b1\u03c0\u03ad\u03b4\u03b9\u03b1\u03c2_\u0398\u03ad\u03c1\u03bc\u03b1\u03bd\u03c3\u03b7\u03c2_Purmo_PEXPENTA_PE-Xc_800.jpg\" \/>\n\t<meta property=\"og:image:width\" content=\"800\" \/>\n\t<meta property=\"og:image:height\" content=\"800\" \/>\n\t<meta property=\"og:image:type\" content=\"image\/jpeg\" \/>\n<meta name=\"twitter:card\" content=\"summary_large_image\" \/>\n<meta name=\"twitter:label1\" content=\"Est. reading time\" \/>\n\t<meta name=\"twitter:data1\" content=\"1 minute\" \/>\n<script type=\"application\/ld+json\" class=\"yoast-schema-graph\">{\"@context\":\"https:\\\/\\\/schema.org\",\"@graph\":[{\"@type\":\"WebPage\",\"@id\":\"https:\\\/\\\/heatingshop.gr\\\/en\\\/product\\\/purmo-pexpenta-pe-xc-underfloor-heating-pipes\\\/\",\"url\":\"https:\\\/\\\/heatingshop.gr\\\/en\\\/product\\\/purmo-pexpenta-pe-xc-underfloor-heating-pipes\\\/\",\"name\":\"PURMO PexPenta PE-Xc Underfloor Heating Pipes - Heating Shop\",\"isPartOf\":{\"@id\":\"https:\\\/\\\/heatingshop.gr\\\/#website\"},\"primaryImageOfPage\":{\"@id\":\"https:\\\/\\\/heatingshop.gr\\\/en\\\/product\\\/purmo-pexpenta-pe-xc-underfloor-heating-pipes\\\/#primaryimage\"},\"image\":{\"@id\":\"https:\\\/\\\/heatingshop.gr\\\/en\\\/product\\\/purmo-pexpenta-pe-xc-underfloor-heating-pipes\\\/#primaryimage\"},\"thumbnailUrl\":\"https:\\\/\\\/heatingshop.gr\\\/wp-content\\\/uploads\\\/2021\\\/08\\\/\u03a3\u03c9\u03bb\u03ae\u03bd\u03b5\u03c2-_\u0395\u03bd\u03b4\u03bf\u03b4\u03b1\u03c0\u03ad\u03b4\u03b9\u03b1\u03c2_\u0398\u03ad\u03c1\u03bc\u03b1\u03bd\u03c3\u03b7\u03c2_Purmo_PEXPENTA_PE-Xc_800.jpg\",\"datePublished\":\"2021-08-24T11:27:58+00:00\",\"dateModified\":\"2021-11-17T10:26:12+00:00\",\"breadcrumb\":{\"@id\":\"https:\\\/\\\/heatingshop.gr\\\/en\\\/product\\\/purmo-pexpenta-pe-xc-underfloor-heating-pipes\\\/#breadcrumb\"},\"inLanguage\":\"en-US\",\"potentialAction\":[{\"@type\":\"ReadAction\",\"target\":[\"https:\\\/\\\/heatingshop.gr\\\/en\\\/product\\\/purmo-pexpenta-pe-xc-underfloor-heating-pipes\\\/\"]}]},{\"@type\":\"ImageObject\",\"inLanguage\":\"en-US\",\"@id\":\"https:\\\/\\\/heatingshop.gr\\\/en\\\/product\\\/purmo-pexpenta-pe-xc-underfloor-heating-pipes\\\/#primaryimage\",\"url\":\"https:\\\/\\\/heatingshop.gr\\\/wp-content\\\/uploads\\\/2021\\\/08\\\/\u03a3\u03c9\u03bb\u03ae\u03bd\u03b5\u03c2-_\u0395\u03bd\u03b4\u03bf\u03b4\u03b1\u03c0\u03ad\u03b4\u03b9\u03b1\u03c2_\u0398\u03ad\u03c1\u03bc\u03b1\u03bd\u03c3\u03b7\u03c2_Purmo_PEXPENTA_PE-Xc_800.jpg\",\"contentUrl\":\"https:\\\/\\\/heatingshop.gr\\\/wp-content\\\/uploads\\\/2021\\\/08\\\/\u03a3\u03c9\u03bb\u03ae\u03bd\u03b5\u03c2-_\u0395\u03bd\u03b4\u03bf\u03b4\u03b1\u03c0\u03ad\u03b4\u03b9\u03b1\u03c2_\u0398\u03ad\u03c1\u03bc\u03b1\u03bd\u03c3\u03b7\u03c2_Purmo_PEXPENTA_PE-Xc_800.jpg\",\"width\":800,\"height\":800,\"caption\":\"\u0395\u03bd\u03b4\u03bf\u03b4\u03b1\u03c0\u03ad\u03b4\u03b9\u03b1 \u03b8\u03ad\u03c1\u03bc\u03b1\u03bd\u03c3\u03b7 purmo\"},{\"@type\":\"BreadcrumbList\",\"@id\":\"https:\\\/\\\/heatingshop.gr\\\/en\\\/product\\\/purmo-pexpenta-pe-xc-underfloor-heating-pipes\\\/#breadcrumb\",\"itemListElement\":[{\"@type\":\"ListItem\",\"position\":1,\"name\":\"\u0391\u03c1\u03c7\u03b9\u03ba\u03ae\",\"item\":\"https:\\\/\\\/heatingshop.gr\\\/en\\\/\"},{\"@type\":\"ListItem\",\"position\":2,\"name\":\"\u039a\u03b1\u03c4\u03ac\u03c3\u03c4\u03b7\u03bc\u03b1\",\"item\":\"https:\\\/\\\/heatingshop.gr\\\/shop\\\/\"},{\"@type\":\"ListItem\",\"position\":3,\"name\":\"PURMO PexPenta PE-Xc Underfloor Heating Pipes\"}]},{\"@type\":\"WebSite\",\"@id\":\"https:\\\/\\\/heatingshop.gr\\\/#website\",\"url\":\"https:\\\/\\\/heatingshop.gr\\\/\",\"name\":\"Heating Shop\",\"description\":\"\u0395\u03af\u03b4\u03b7 \u03b8\u03ad\u03c1\u03bc\u03b1\u03bd\u03c3\u03b7\u03c2 \u03ba\u03b1\u03b9 \u039a\u03bb\u03b9\u03bc\u03b1\u03c4\u03b9\u03c3\u03bc\u03bf\u03cd. \u0391\u03bd\u03c4\u03bb\u03af\u03b5\u03c2 \u0398\u03b5\u03c1\u03bc\u03cc\u03c4\u03b7\u03c4\u03b1\u03c2, \u039b\u03ad\u03b2\u03b7\u03c4\u03b5\u03c2\",\"publisher\":{\"@id\":\"https:\\\/\\\/heatingshop.gr\\\/#organization\"},\"potentialAction\":[{\"@type\":\"SearchAction\",\"target\":{\"@type\":\"EntryPoint\",\"urlTemplate\":\"https:\\\/\\\/heatingshop.gr\\\/?s={search_term_string}\"},\"query-input\":{\"@type\":\"PropertyValueSpecification\",\"valueRequired\":true,\"valueName\":\"search_term_string\"}}],\"inLanguage\":\"en-US\"},{\"@type\":\"Organization\",\"@id\":\"https:\\\/\\\/heatingshop.gr\\\/#organization\",\"name\":\"heatingshop.gr\",\"url\":\"https:\\\/\\\/heatingshop.gr\\\/\",\"logo\":{\"@type\":\"ImageObject\",\"inLanguage\":\"en-US\",\"@id\":\"https:\\\/\\\/heatingshop.gr\\\/#\\\/schema\\\/logo\\\/image\\\/\",\"url\":\"https:\\\/\\\/heatingshop.gr\\\/wp-content\\\/uploads\\\/2021\\\/09\\\/Logo_HeatingShop_.png\",\"contentUrl\":\"https:\\\/\\\/heatingshop.gr\\\/wp-content\\\/uploads\\\/2021\\\/09\\\/Logo_HeatingShop_.png\",\"width\":318,\"height\":191,\"caption\":\"heatingshop.gr\"},\"image\":{\"@id\":\"https:\\\/\\\/heatingshop.gr\\\/#\\\/schema\\\/logo\\\/image\\\/\"},\"sameAs\":[\"https:\\\/\\\/www.facebook.com\\\/heatingshopgr\"]}]}<\/script>\n<!-- \/ Yoast SEO Premium plugin. -->","yoast_head_json":{"title":"PURMO PexPenta PE-Xc Underfloor Heating Pipes - Heating Shop","robots":{"index":"index","follow":"follow","max-snippet":"max-snippet:-1","max-image-preview":"max-image-preview:large","max-video-preview":"max-video-preview:-1"},"canonical":"https:\/\/heatingshop.gr\/en\/product\/purmo-pexpenta-pe-xc-underfloor-heating-pipes\/","og_locale":"en_US","og_type":"article","og_title":"PURMO PexPenta PE-Xc Underfloor Heating Pipes","og_description":"Call for price The product is only available by phone order  Pipes for Rolljet and Noppjet systems","og_url":"https:\/\/heatingshop.gr\/en\/product\/purmo-pexpenta-pe-xc-underfloor-heating-pipes\/","og_site_name":"Heating Shop","article_publisher":"https:\/\/www.facebook.com\/heatingshopgr","article_modified_time":"2021-11-17T10:26:12+00:00","og_image":[{"width":800,"height":800,"url":"https:\/\/heatingshop.gr\/wp-content\/uploads\/2021\/08\/\u03a3\u03c9\u03bb\u03ae\u03bd\u03b5\u03c2-_\u0395\u03bd\u03b4\u03bf\u03b4\u03b1\u03c0\u03ad\u03b4\u03b9\u03b1\u03c2_\u0398\u03ad\u03c1\u03bc\u03b1\u03bd\u03c3\u03b7\u03c2_Purmo_PEXPENTA_PE-Xc_800.jpg","type":"image\/jpeg"}],"twitter_card":"summary_large_image","twitter_misc":{"Est. reading time":"1 minute"},"schema":{"@context":"https:\/\/schema.org","@graph":[{"@type":"WebPage","@id":"https:\/\/heatingshop.gr\/en\/product\/purmo-pexpenta-pe-xc-underfloor-heating-pipes\/","url":"https:\/\/heatingshop.gr\/en\/product\/purmo-pexpenta-pe-xc-underfloor-heating-pipes\/","name":"PURMO PexPenta PE-Xc Underfloor Heating Pipes - Heating Shop","isPartOf":{"@id":"https:\/\/heatingshop.gr\/#website"},"primaryImageOfPage":{"@id":"https:\/\/heatingshop.gr\/en\/product\/purmo-pexpenta-pe-xc-underfloor-heating-pipes\/#primaryimage"},"image":{"@id":"https:\/\/heatingshop.gr\/en\/product\/purmo-pexpenta-pe-xc-underfloor-heating-pipes\/#primaryimage"},"thumbnailUrl":"https:\/\/heatingshop.gr\/wp-content\/uploads\/2021\/08\/\u03a3\u03c9\u03bb\u03ae\u03bd\u03b5\u03c2-_\u0395\u03bd\u03b4\u03bf\u03b4\u03b1\u03c0\u03ad\u03b4\u03b9\u03b1\u03c2_\u0398\u03ad\u03c1\u03bc\u03b1\u03bd\u03c3\u03b7\u03c2_Purmo_PEXPENTA_PE-Xc_800.jpg","datePublished":"2021-08-24T11:27:58+00:00","dateModified":"2021-11-17T10:26:12+00:00","breadcrumb":{"@id":"https:\/\/heatingshop.gr\/en\/product\/purmo-pexpenta-pe-xc-underfloor-heating-pipes\/#breadcrumb"},"inLanguage":"en-US","potentialAction":[{"@type":"ReadAction","target":["https:\/\/heatingshop.gr\/en\/product\/purmo-pexpenta-pe-xc-underfloor-heating-pipes\/"]}]},{"@type":"ImageObject","inLanguage":"en-US","@id":"https:\/\/heatingshop.gr\/en\/product\/purmo-pexpenta-pe-xc-underfloor-heating-pipes\/#primaryimage","url":"https:\/\/heatingshop.gr\/wp-content\/uploads\/2021\/08\/\u03a3\u03c9\u03bb\u03ae\u03bd\u03b5\u03c2-_\u0395\u03bd\u03b4\u03bf\u03b4\u03b1\u03c0\u03ad\u03b4\u03b9\u03b1\u03c2_\u0398\u03ad\u03c1\u03bc\u03b1\u03bd\u03c3\u03b7\u03c2_Purmo_PEXPENTA_PE-Xc_800.jpg","contentUrl":"https:\/\/heatingshop.gr\/wp-content\/uploads\/2021\/08\/\u03a3\u03c9\u03bb\u03ae\u03bd\u03b5\u03c2-_\u0395\u03bd\u03b4\u03bf\u03b4\u03b1\u03c0\u03ad\u03b4\u03b9\u03b1\u03c2_\u0398\u03ad\u03c1\u03bc\u03b1\u03bd\u03c3\u03b7\u03c2_Purmo_PEXPENTA_PE-Xc_800.jpg","width":800,"height":800,"caption":"\u0395\u03bd\u03b4\u03bf\u03b4\u03b1\u03c0\u03ad\u03b4\u03b9\u03b1 \u03b8\u03ad\u03c1\u03bc\u03b1\u03bd\u03c3\u03b7 purmo"},{"@type":"BreadcrumbList","@id":"https:\/\/heatingshop.gr\/en\/product\/purmo-pexpenta-pe-xc-underfloor-heating-pipes\/#breadcrumb","itemListElement":[{"@type":"ListItem","position":1,"name":"\u0391\u03c1\u03c7\u03b9\u03ba\u03ae","item":"https:\/\/heatingshop.gr\/en\/"},{"@type":"ListItem","position":2,"name":"\u039a\u03b1\u03c4\u03ac\u03c3\u03c4\u03b7\u03bc\u03b1","item":"https:\/\/heatingshop.gr\/shop\/"},{"@type":"ListItem","position":3,"name":"PURMO PexPenta PE-Xc Underfloor Heating Pipes"}]},{"@type":"WebSite","@id":"https:\/\/heatingshop.gr\/#website","url":"https:\/\/heatingshop.gr\/","name":"Heating Shop","description":"\u0395\u03af\u03b4\u03b7 \u03b8\u03ad\u03c1\u03bc\u03b1\u03bd\u03c3\u03b7\u03c2 \u03ba\u03b1\u03b9 \u039a\u03bb\u03b9\u03bc\u03b1\u03c4\u03b9\u03c3\u03bc\u03bf\u03cd. \u0391\u03bd\u03c4\u03bb\u03af\u03b5\u03c2 \u0398\u03b5\u03c1\u03bc\u03cc\u03c4\u03b7\u03c4\u03b1\u03c2, \u039b\u03ad\u03b2\u03b7\u03c4\u03b5\u03c2","publisher":{"@id":"https:\/\/heatingshop.gr\/#organization"},"potentialAction":[{"@type":"SearchAction","target":{"@type":"EntryPoint","urlTemplate":"https:\/\/heatingshop.gr\/?s={search_term_string}"},"query-input":{"@type":"PropertyValueSpecification","valueRequired":true,"valueName":"search_term_string"}}],"inLanguage":"en-US"},{"@type":"Organization","@id":"https:\/\/heatingshop.gr\/#organization","name":"heatingshop.gr","url":"https:\/\/heatingshop.gr\/","logo":{"@type":"ImageObject","inLanguage":"en-US","@id":"https:\/\/heatingshop.gr\/#\/schema\/logo\/image\/","url":"https:\/\/heatingshop.gr\/wp-content\/uploads\/2021\/09\/Logo_HeatingShop_.png","contentUrl":"https:\/\/heatingshop.gr\/wp-content\/uploads\/2021\/09\/Logo_HeatingShop_.png","width":318,"height":191,"caption":"heatingshop.gr"},"image":{"@id":"https:\/\/heatingshop.gr\/#\/schema\/logo\/image\/"},"sameAs":["https:\/\/www.facebook.com\/heatingshopgr"]}]}},"_links":{"self":[{"href":"https:\/\/heatingshop.gr\/en\/wp-json\/wp\/v2\/product\/18405","targetHints":{"allow":["GET"]}}],"collection":[{"href":"https:\/\/heatingshop.gr\/en\/wp-json\/wp\/v2\/product"}],"about":[{"href":"https:\/\/heatingshop.gr\/en\/wp-json\/wp\/v2\/types\/product"}],"wp:featuredmedia":[{"embeddable":true,"href":"https:\/\/heatingshop.gr\/en\/wp-json\/wp\/v2\/media\/18067"}],"wp:attachment":[{"href":"https:\/\/heatingshop.gr\/en\/wp-json\/wp\/v2\/media?parent=18405"}],"wp:term":[{"taxonomy":"product_brand","embeddable":true,"href":"https:\/\/heatingshop.gr\/en\/wp-json\/wp\/v2\/product_brand?post=18405"},{"taxonomy":"product_cat","embeddable":true,"href":"https:\/\/heatingshop.gr\/en\/wp-json\/wp\/v2\/product_cat?post=18405"},{"taxonomy":"product_tag","embeddable":true,"href":"https:\/\/heatingshop.gr\/en\/wp-json\/wp\/v2\/product_tag?post=18405"}],"curies":[{"name":"wp","href":"https:\/\/api.w.org\/{rel}","templated":true}]}}